{"id":709,"date":"2021-08-18T16:46:23","date_gmt":"2021-08-18T19:46:23","guid":{"rendered":"http:\/\/207.244.244.156\/~tiex\/?page_id=709"},"modified":"2023-10-16T08:11:32","modified_gmt":"2023-10-16T11:11:32","slug":"nossa-historia","status":"publish","type":"page","link":"https:\/\/tiex.com.br\/en\/quem-somos\/nossa-historia\/","title":{"rendered":"Our History"},"content":{"rendered":"<p>O Grupo Tiex surge no ano de 2013 com uma estrutura 100% virtual e oferecendo servi\u00e7os de auditoria interna, externa e consultoria financeira.<\/p>\n<p>Em 2014 devido ao \u00eaxito nos neg\u00f3cios o Grupo expande seus servi\u00e7os e implementa a presta\u00e7\u00e3o de servi\u00e7os de Outsourcing. Al\u00e9m disso, inaugura seu primeiro escrit\u00f3rio f\u00edsico em Santo Amaro (SP).<\/p>\n<p>Com o crescimento daquele per\u00edodo foram surgindo novos clientes e a necessidade de implementar novas ferramentas, TOTVS.<\/p>\n<p>Em 2017, o grupo amplia sua infraestrutura abrindo as portas de sua nova sede na Av. Doutor Chucri Zaidan, em uma localiza\u00e7\u00e3o privilegiada e onde est\u00e3o situados grandes grupos empresariais.<\/p>\n<p>No ano de 2019, ampliam-se os servi\u00e7os prestados em fun\u00e7\u00e3o da aprova\u00e7\u00e3o da lei 13.429, conhecida como Lei da Terceiriza\u00e7\u00e3o. A \u00e1rea de terceiriza\u00e7\u00e3o de profissionais \u00e9 instaurada.<\/p>\n<p>Em 2020 inicia-se a abertura de mais um importante neg\u00f3cio, a B4A, a empresa tem foco em atendimento a pequenos neg\u00f3cios. Al\u00e9m disso s\u00e3o realizados investimentos em novas tecnologias de entrega e gest\u00e3o.<\/p>\n<p>&nbsp;<\/p>\n","protected":false},"excerpt":{"rendered":"<p>O Grupo Tiex surge no ano de 2013 com uma estrutura 100% virtual e [&hellip;]<\/p>\n","protected":false},"author":2,"featured_media":0,"parent":8,"menu_order":0,"comment_status":"closed","ping_status":"closed","template":"","meta":[],"yoast_head":"<!-- This site is optimized with the Yoast SEO plugin v21.8.1 - https:\/\/yoast.com\/wordpress\/plugins\/seo\/ -->\n<title>Our History - Tiex<\/title>\n<meta name=\"description\" content=\"Our History - Tiex\" \/>\n<meta name=\"robots\" content=\"index, follow, max-snippet:-1, max-image-preview:large, max-video-preview:-1\" \/>\n<link rel=\"canonical\" href=\"https:\/\/tiex.com.br\/en\/quem-somos\/nossa-historia\/\" \/>\n<meta property=\"og:locale\" content=\"pt_BR\" \/>\n<meta property=\"og:type\" content=\"article\" \/>\n<meta property=\"og:title\" content=\"Our History - Tiex\" \/>\n<meta property=\"og:description\" content=\"Our History - Tiex\" \/>\n<meta property=\"og:url\" content=\"https:\/\/tiex.com.br\/en\/quem-somos\/nossa-historia\/\" \/>\n<meta property=\"og:site_name\" content=\"Tiex\" \/>\n<meta property=\"article:modified_time\" content=\"2023-10-16T11:11:32+00:00\" \/>\n<meta name=\"twitter:card\" content=\"summary_large_image\" \/>\n<meta name=\"twitter:label1\" content=\"Est. tempo de leitura\" \/>\n\t<meta name=\"twitter:data1\" content=\"1 minuto\" \/>\n<script type=\"application\/ld+json\" class=\"yoast-schema-graph\">{\"@context\":\"https:\/\/schema.org\",\"@graph\":[{\"@type\":\"WebPage\",\"@id\":\"https:\/\/tiex.com.br\/en\/quem-somos\/nossa-historia\/\",\"url\":\"https:\/\/tiex.com.br\/en\/quem-somos\/nossa-historia\/\",\"name\":\"Our History - Tiex\",\"isPartOf\":{\"@id\":\"https:\/\/tiex.com.br\/en\/#website\"},\"datePublished\":\"2021-08-18T19:46:23+00:00\",\"dateModified\":\"2023-10-16T11:11:32+00:00\",\"description\":\"Our History - Tiex\",\"breadcrumb\":{\"@id\":\"https:\/\/tiex.com.br\/en\/quem-somos\/nossa-historia\/#breadcrumb\"},\"inLanguage\":\"pt-BR\",\"potentialAction\":[{\"@type\":\"ReadAction\",\"target\":[\"https:\/\/tiex.com.br\/en\/quem-somos\/nossa-historia\/\"]}]},{\"@type\":\"BreadcrumbList\",\"@id\":\"https:\/\/tiex.com.br\/en\/quem-somos\/nossa-historia\/#breadcrumb\",\"itemListElement\":[{\"@type\":\"ListItem\",\"position\":1,\"name\":\"In\u00edcio\",\"item\":\"https:\/\/tiex.com.br\/en\/\"},{\"@type\":\"ListItem\",\"position\":2,\"name\":\"About us\",\"item\":\"https:\/\/tiex.com.br\/en\/quem-somos\/\"},{\"@type\":\"ListItem\",\"position\":3,\"name\":\"Our History\"}]},{\"@type\":\"WebSite\",\"@id\":\"https:\/\/tiex.com.br\/en\/#website\",\"url\":\"https:\/\/tiex.com.br\/en\/\",\"name\":\"Tiex\",\"description\":\"A TIEX presta servi\u00e7os de consultoria financeira e tribut\u00e1ria\",\"publisher\":{\"@id\":\"https:\/\/tiex.com.br\/en\/#organization\"},\"potentialAction\":[{\"@type\":\"SearchAction\",\"target\":{\"@type\":\"EntryPoint\",\"urlTemplate\":\"https:\/\/tiex.com.br\/en\/?s={search_term_string}\"},\"query-input\":\"required name=search_term_string\"}],\"inLanguage\":\"pt-BR\"},{\"@type\":\"Organization\",\"@id\":\"https:\/\/tiex.com.br\/en\/#organization\",\"name\":\"Tiex\",\"url\":\"https:\/\/tiex.com.br\/en\/\",\"logo\":{\"@type\":\"ImageObject\",\"inLanguage\":\"pt-BR\",\"@id\":\"https:\/\/tiex.com.br\/en\/#\/schema\/logo\/image\/\",\"url\":\"http:\/\/tiex.com.br\/wp-content\/uploads\/2021\/08\/logo_white.png\",\"contentUrl\":\"http:\/\/tiex.com.br\/wp-content\/uploads\/2021\/08\/logo_white.png\",\"width\":164,\"height\":34,\"caption\":\"Tiex\"},\"image\":{\"@id\":\"https:\/\/tiex.com.br\/en\/#\/schema\/logo\/image\/\"}}]}<\/script>\n<!-- \/ Yoast SEO plugin. -->","yoast_head_json":{"title":"Our History - Tiex","description":"Our History - Tiex","robots":{"index":"index","follow":"follow","max-snippet":"max-snippet:-1","max-image-preview":"max-image-preview:large","max-video-preview":"max-video-preview:-1"},"canonical":"https:\/\/tiex.com.br\/en\/quem-somos\/nossa-historia\/","og_locale":"pt_BR","og_type":"article","og_title":"Our History - Tiex","og_description":"Our History - Tiex","og_url":"https:\/\/tiex.com.br\/en\/quem-somos\/nossa-historia\/","og_site_name":"Tiex","article_modified_time":"2023-10-16T11:11:32+00:00","twitter_card":"summary_large_image","twitter_misc":{"Est. tempo de leitura":"1 minuto"},"schema":{"@context":"https:\/\/schema.org","@graph":[{"@type":"WebPage","@id":"https:\/\/tiex.com.br\/en\/quem-somos\/nossa-historia\/","url":"https:\/\/tiex.com.br\/en\/quem-somos\/nossa-historia\/","name":"Our History - Tiex","isPartOf":{"@id":"https:\/\/tiex.com.br\/en\/#website"},"datePublished":"2021-08-18T19:46:23+00:00","dateModified":"2023-10-16T11:11:32+00:00","description":"Our History - Tiex","breadcrumb":{"@id":"https:\/\/tiex.com.br\/en\/quem-somos\/nossa-historia\/#breadcrumb"},"inLanguage":"pt-BR","potentialAction":[{"@type":"ReadAction","target":["https:\/\/tiex.com.br\/en\/quem-somos\/nossa-historia\/"]}]},{"@type":"BreadcrumbList","@id":"https:\/\/tiex.com.br\/en\/quem-somos\/nossa-historia\/#breadcrumb","itemListElement":[{"@type":"ListItem","position":1,"name":"In\u00edcio","item":"https:\/\/tiex.com.br\/en\/"},{"@type":"ListItem","position":2,"name":"About us","item":"https:\/\/tiex.com.br\/en\/quem-somos\/"},{"@type":"ListItem","position":3,"name":"Our History"}]},{"@type":"WebSite","@id":"https:\/\/tiex.com.br\/en\/#website","url":"https:\/\/tiex.com.br\/en\/","name":"Tiex","description":"A TIEX presta servi\u00e7os de consultoria financeira e tribut\u00e1ria","publisher":{"@id":"https:\/\/tiex.com.br\/en\/#organization"},"potentialAction":[{"@type":"SearchAction","target":{"@type":"EntryPoint","urlTemplate":"https:\/\/tiex.com.br\/en\/?s={search_term_string}"},"query-input":"required name=search_term_string"}],"inLanguage":"pt-BR"},{"@type":"Organization","@id":"https:\/\/tiex.com.br\/en\/#organization","name":"Tiex","url":"https:\/\/tiex.com.br\/en\/","logo":{"@type":"ImageObject","inLanguage":"pt-BR","@id":"https:\/\/tiex.com.br\/en\/#\/schema\/logo\/image\/","url":"http:\/\/tiex.com.br\/wp-content\/uploads\/2021\/08\/logo_white.png","contentUrl":"http:\/\/tiex.com.br\/wp-content\/uploads\/2021\/08\/logo_white.png","width":164,"height":34,"caption":"Tiex"},"image":{"@id":"https:\/\/tiex.com.br\/en\/#\/schema\/logo\/image\/"}}]}},"_links":{"self":[{"href":"https:\/\/tiex.com.br\/en\/wp-json\/wp\/v2\/pages\/709"}],"collection":[{"href":"https:\/\/tiex.com.br\/en\/wp-json\/wp\/v2\/pages"}],"about":[{"href":"https:\/\/tiex.com.br\/en\/wp-json\/wp\/v2\/types\/page"}],"author":[{"embeddable":true,"href":"https:\/\/tiex.com.br\/en\/wp-json\/wp\/v2\/users\/2"}],"replies":[{"embeddable":true,"href":"https:\/\/tiex.com.br\/en\/wp-json\/wp\/v2\/comments?post=709"}],"version-history":[{"count":2,"href":"https:\/\/tiex.com.br\/en\/wp-json\/wp\/v2\/pages\/709\/revisions"}],"predecessor-version":[{"id":1122,"href":"https:\/\/tiex.com.br\/en\/wp-json\/wp\/v2\/pages\/709\/revisions\/1122"}],"up":[{"embeddable":true,"href":"https:\/\/tiex.com.br\/en\/wp-json\/wp\/v2\/pages\/8"}],"wp:attachment":[{"href":"https:\/\/tiex.com.br\/en\/wp-json\/wp\/v2\/media?parent=709"}],"curies":[{"name":"wp","href":"https:\/\/api.w.org\/{rel}","templated":true}]}}